{"id":95,"date":"2025-03-24T20:53:17","date_gmt":"2025-03-24T19:53:17","guid":{"rendered":"https:\/\/www.paverprefabricados.com\/?page_id=95"},"modified":"2025-06-25T16:10:36","modified_gmt":"2025-06-25T14:10:36","slug":"blog","status":"publish","type":"page","link":"https:\/\/www.paverprefabricados.com\/es\/blog\/","title":{"rendered":"Blog"},"content":{"rendered":"<p>[et_pb_section fb_built=\u00bb1&#8243; admin_label=\u00bbHeader\u00bb _builder_version=\u00bb4.19.2&#8243; _module_preset=\u00bbdefault\u00bb background_color=\u00bb#171717&#8243; custom_padding=\u00bb||0px|||\u00bb collapsed=\u00bbon\u00bb global_colors_info=\u00bb{%22gcid-6bb521d5-2649-4d07-a59b-3ce6a3808f81%22:%91%22background_color_gradient_stops%22%93,%22gcid-233cd77b-4711-403e-b130-11d9e5b5d115%22:%91%22background_color_gradient_stops%22%93}\u00bb][et_pb_row column_structure=\u00bb1_3,2_3&#8243; _builder_version=\u00bb4.19.2&#8243; _module_preset=\u00bbdefault\u00bb custom_padding=\u00bb0px||||false|false\u00bb global_colors_info=\u00bb{}\u00bb][et_pb_column type=\u00bb1_3&#8243; _builder_version=\u00bb4.19.1&#8243; _module_preset=\u00bbdefault\u00bb custom_padding=\u00bb10%||||false|false\u00bb custom_padding_tablet=\u00bb||||false|false\u00bb custom_padding_phone=\u00bb||||false|false\u00bb custom_padding_last_edited=\u00bboff|desktop\u00bb global_colors_info=\u00bb{}\u00bb][et_pb_text _builder_version=\u00bb4.19.0&#8243; _module_preset=\u00bb98c8c47c-907f-4655-aba1-5b3853378178&#8243; global_colors_info=\u00bb{}\u00bb]<\/p>\n<h1>Blog<\/h1>\n<p>[\/et_pb_text][\/et_pb_column][et_pb_column type=\u00bb2_3&#8243; _builder_version=\u00bb4.19.0&#8243; _module_preset=\u00bbdefault\u00bb box_shadow_style=\u00bbpreset4&#8243; box_shadow_horizontal=\u00bb30vw\u00bb box_shadow_vertical=\u00bb-24vw\u00bb box_shadow_spread=\u00bb20vw\u00bb box_shadow_color=\u00bbgcid-233cd77b-4711-403e-b130-11d9e5b5d115&#8243; box_shadow_horizontal_tablet=\u00bb48vw\u00bb box_shadow_horizontal_phone=\u00bb48vw\u00bb box_shadow_horizontal_last_edited=\u00bbon|tablet\u00bb global_colors_info=\u00bb{%22gcid-233cd77b-4711-403e-b130-11d9e5b5d115%22:%91%22box_shadow_color%22%93}\u00bb][et_pb_post_slider _builder_version=\u00bb4.19.0&#8243; _module_preset=\u00bbb12a0b4b-e85d-426c-8e20-82bac2021e58&#8243; locked=\u00bboff\u00bb global_colors_info=\u00bb{}\u00bb][\/et_pb_post_slider][\/et_pb_column][\/et_pb_row][\/et_pb_section][et_pb_section fb_built=\u00bb1&#8243; _builder_version=\u00bb4.27.4&#8243; _module_preset=\u00bbdefault\u00bb background_color=\u00bb#000000&#8243; background_image=\u00bbhttps:\/\/www.paverprefabricados.com\/wp-content\/uploads\/2025\/05\/Paver_cuadrats-02.png\u00bb background_size=\u00bbstretch\u00bb width=\u00bb100%\u00bb width_last_edited=\u00bbon|tablet\u00bb max_width=\u00bb100%\u00bb max_width_last_edited=\u00bbon|tablet\u00bb module_alignment=\u00bbcenter\u00bb min_height=\u00bb10px\u00bb height=\u00bb10px\u00bb max_height=\u00bb10px\u00bb custom_margin=\u00bb0px|0px|0px|0px|false|false\u00bb custom_padding=\u00bb0px|0px|0px|0px|false|false\u00bb global_module=\u00bb327&#8243; saved_tabs=\u00bball\u00bb locked=\u00bboff\u00bb global_colors_info=\u00bb{}\u00bb width_tablet=\u00bb100%\u00bb width_phone=\u00bb100%\u00bb max_width_tablet=\u00bb100%\u00bb max_width_phone=\u00bb100%\u00bb][\/et_pb_section][et_pb_section fb_built=\u00bb1&#8243; admin_label=\u00bbHeader\u00bb _builder_version=\u00bb4.19.2&#8243; _module_preset=\u00bbdefault\u00bb background_color=\u00bb#171717&#8243; collapsed=\u00bbon\u00bb global_colors_info=\u00bb{%22gcid-6bb521d5-2649-4d07-a59b-3ce6a3808f81%22:%91%22background_color_gradient_stops%22%93,%22gcid-233cd77b-4711-403e-b130-11d9e5b5d115%22:%91%22background_color_gradient_stops%22%93}\u00bb][et_pb_row use_custom_gutter=\u00bbon\u00bb gutter_width=\u00bb2&#8243; _builder_version=\u00bb4.19.0&#8243; _module_preset=\u00bbdefault\u00bb global_colors_info=\u00bb{}\u00bb][et_pb_column type=\u00bb4_4&#8243; _builder_version=\u00bb4.19.0&#8243; _module_preset=\u00bbdefault\u00bb global_colors_info=\u00bb{}\u00bb][et_pb_blog posts_number=\u00bb9&#8243; show_author=\u00bboff\u00bb show_date=\u00bboff\u00bb show_categories=\u00bboff\u00bb _builder_version=\u00bb4.19.0&#8243; _module_preset=\u00bb792d43a0-9cba-4f84-a2d8-331579e5f1b2&#8243; locked=\u00bboff\u00bb global_colors_info=\u00bb{%22gcid-9d8d6552-a4b0-4171-847a-f5c0d7177503%22:%91%22body_text_color%22%93,%22gcid-233cd77b-4711-403e-b130-11d9e5b5d115%22:%91%22pagination_text_color%22%93}\u00bb][\/et_pb_blog][\/et_pb_column][\/et_pb_row][\/et_pb_section][et_pb_section fb_built=\u00bb1&#8243; admin_label=\u00bbCall to Action\u00bb _builder_version=\u00bb4.27.4&#8243; _module_preset=\u00bbdefault\u00bb background_color=\u00bb#000000&#8243; custom_padding=\u00bb0px||0px||true|false\u00bb global_module=\u00bb189&#8243; saved_tabs=\u00bball\u00bb locked=\u00bboff\u00bb collapsed=\u00bbon\u00bb global_colors_info=\u00bb{}\u00bb][et_pb_row column_structure=\u00bb3_4,1_4&#8243; use_custom_gutter=\u00bbon\u00bb gutter_width=\u00bb1&#8243; make_equal=\u00bbon\u00bb _builder_version=\u00bb4.27.4&#8243; _module_preset=\u00bbdefault\u00bb max_width=\u00bbnone\u00bb module_alignment=\u00bbleft\u00bb custom_padding=\u00bb0px||0px||true|false\u00bb module_alignment_tablet=\u00bbcenter\u00bb module_alignment_phone=\u00bbcenter\u00bb module_alignment_last_edited=\u00bbon|tablet\u00bb global_colors_info=\u00bb{}\u00bb][et_pb_column type=\u00bb3_4&#8243; _builder_version=\u00bb4.27.4&#8243; _module_preset=\u00bbdefault\u00bb background_image=\u00bbhttps:\/\/www.paverprefabricados.com\/wp-content\/uploads\/2025\/03\/paverprefabricados-pide-presupuesto.jpg\u00bb global_colors_info=\u00bb{}\u00bb][et_pb_divider show_divider=\u00bboff\u00bb _builder_version=\u00bb4.19.0&#8243; _module_preset=\u00bbdefault\u00bb height_tablet=\u00bb40vw\u00bb height_phone=\u00bb40vw\u00bb height_last_edited=\u00bbon|tablet\u00bb global_colors_info=\u00bb{}\u00bb][\/et_pb_divider][\/et_pb_column][et_pb_column type=\u00bb1_4&#8243; _builder_version=\u00bb4.19.0&#8243; _module_preset=\u00bbdefault\u00bb background_color=\u00bbgcid-233cd77b-4711-403e-b130-11d9e5b5d115&#8243; custom_padding=\u00bb60px|30px|60px|30px|true|true\u00bb custom_padding_tablet=\u00bb60px|30px|60px|30px|true|true\u00bb custom_padding_phone=\u00bb20px|20px|20px|20px|true|true\u00bb custom_padding_last_edited=\u00bbon|phone\u00bb global_colors_info=\u00bb{%22gcid-233cd77b-4711-403e-b130-11d9e5b5d115%22:%91%22background_color%22%93}\u00bb][et_pb_text _builder_version=\u00bb4.27.4&#8243; _module_preset=\u00bb7f051173-acf6-4264-acc0-f40561b5bdd8&#8243; header_2_text_color=\u00bb#000000&#8243; header_2_font_size=\u00bb2.5vw\u00bb header_3_font=\u00bbMichroma||||||||\u00bb header_3_font_size=\u00bb1.9vw\u00bb custom_margin=\u00bb||10px||false|false\u00bb header_2_font_size_tablet=\u00bb2.5vw\u00bb header_2_font_size_phone=\u00bb2.5vw\u00bb header_2_font_size_last_edited=\u00bboff|desktop\u00bb header_3_font_size_tablet=\u00bb\u00bb header_3_font_size_phone=\u00bb3vw\u00bb header_3_font_size_last_edited=\u00bbon|phone\u00bb global_colors_info=\u00bb{}\u00bb]<\/p>\n<h3>Pide presupuesto para tu proyecto<\/h3>\n<p>[\/et_pb_text][et_pb_button button_url=\u00bbhttps:\/\/www.paverprefabricados.com\/contacto\/\u00bb button_text=\u00bbContacto\u00bb module_id=\u00bbcontacto\u00bb _builder_version=\u00bb4.27.4&#8243; _module_preset=\u00bbfe1c53d4-ff94-4207-985d-70efd0826c7b\u00bb button_border_width=\u00bb2px\u00bb button_border_color=\u00bb#000000&#8243; global_colors_info=\u00bb{}\u00bb button_bg_color__hover_enabled=\u00bbon|hover\u00bb button_text_color__hover_enabled=\u00bbon|hover\u00bb button_text_color__hover=\u00bb#000000&#8243; button_border_width__hover_enabled=\u00bbon|hover\u00bb button_border_width__hover=\u00bb2px\u00bb button_border_color__hover_enabled=\u00bbon|desktop\u00bb button_border_color__hover=\u00bb#000000&#8243; button_bg_color__hover=\u00bb#bbe1f9&#8243; button_bg_enable_color__hover=\u00bbon\u00bb][\/et_pb_button][\/et_pb_column][\/et_pb_row][\/et_pb_section][et_pb_section fb_built=\u00bb1&#8243; _builder_version=\u00bb4.27.4&#8243; _module_preset=\u00bbdefault\u00bb background_color=\u00bb#000000&#8243; background_image=\u00bbhttps:\/\/www.paverprefabricados.com\/wp-content\/uploads\/2025\/05\/Paver_cuadrats-02.png\u00bb background_size=\u00bbstretch\u00bb width=\u00bb100%\u00bb width_last_edited=\u00bbon|tablet\u00bb max_width=\u00bb100%\u00bb max_width_last_edited=\u00bbon|tablet\u00bb module_alignment=\u00bbcenter\u00bb min_height=\u00bb10px\u00bb height=\u00bb10px\u00bb max_height=\u00bb10px\u00bb custom_margin=\u00bb0px|0px|0px|0px|false|false\u00bb custom_padding=\u00bb0px|0px|0px|0px|false|false\u00bb global_module=\u00bb327&#8243; saved_tabs=\u00bball\u00bb locked=\u00bboff\u00bb global_colors_info=\u00bb{}\u00bb width_tablet=\u00bb100%\u00bb width_phone=\u00bb100%\u00bb max_width_tablet=\u00bb100%\u00bb max_width_phone=\u00bb100%\u00bb][\/et_pb_section]<\/p>\n","protected":false},"excerpt":{"rendered":"<p>BlogPide presupuesto para tu proyecto<\/p>\n","protected":false},"author":1,"featured_media":0,"parent":0,"menu_order":0,"comment_status":"closed","ping_status":"closed","template":"","meta":{"_et_pb_use_builder":"on","_et_pb_old_content":"","_et_gb_content_width":"","footnotes":""},"class_list":["post-95","page","type-page","status-publish","hentry"],"yoast_head":"<!-- This site is optimized with the Yoast SEO plugin v26.7 - https:\/\/yoast.com\/wordpress\/plugins\/seo\/ -->\n<title>Blog sobre prefabricados de hormig\u00f3n - PAVER PREFABRICADOS<\/title>\n<meta name=\"description\" content=\"Blog sobre prefabricados de hormig\u00f3n, art\u00edculos, not\u00edcias e informaci\u00f3n.\" \/>\n<meta name=\"robots\" content=\"index, follow, max-snippet:-1, max-image-preview:large, max-video-preview:-1\" \/>\n<link rel=\"canonical\" href=\"https:\/\/www.paverprefabricados.com\/es\/blog\/\" \/>\n<meta property=\"og:locale\" content=\"es_ES\" \/>\n<meta property=\"og:type\" content=\"article\" \/>\n<meta property=\"og:title\" content=\"Blog sobre prefabricados de hormig\u00f3n - PAVER PREFABRICADOS\" \/>\n<meta property=\"og:description\" content=\"Blog sobre prefabricados de hormig\u00f3n, art\u00edculos, not\u00edcias e informaci\u00f3n.\" \/>\n<meta property=\"og:url\" content=\"https:\/\/www.paverprefabricados.com\/es\/blog\/\" \/>\n<meta property=\"og:site_name\" content=\"PAVER PREFABRICADOS\" \/>\n<meta property=\"article:modified_time\" content=\"2025-06-25T14:10:36+00:00\" \/>\n<meta name=\"twitter:card\" content=\"summary_large_image\" \/>\n<meta name=\"twitter:label1\" content=\"Tiempo de lectura\" \/>\n\t<meta name=\"twitter:data1\" content=\"4 minutos\" \/>\n<script type=\"application\/ld+json\" class=\"yoast-schema-graph\">{\"@context\":\"https:\/\/schema.org\",\"@graph\":[{\"@type\":\"WebPage\",\"@id\":\"https:\/\/www.paverprefabricados.com\/es\/blog\/\",\"url\":\"https:\/\/www.paverprefabricados.com\/es\/blog\/\",\"name\":\"Blog sobre prefabricados de hormig\u00f3n - PAVER PREFABRICADOS\",\"isPartOf\":{\"@id\":\"https:\/\/www.paverprefabricados.com\/es\/#website\"},\"datePublished\":\"2025-03-24T19:53:17+00:00\",\"dateModified\":\"2025-06-25T14:10:36+00:00\",\"description\":\"Blog sobre prefabricados de hormig\u00f3n, art\u00edculos, not\u00edcias e informaci\u00f3n.\",\"breadcrumb\":{\"@id\":\"https:\/\/www.paverprefabricados.com\/es\/blog\/#breadcrumb\"},\"inLanguage\":\"es\",\"potentialAction\":[{\"@type\":\"ReadAction\",\"target\":[\"https:\/\/www.paverprefabricados.com\/es\/blog\/\"]}]},{\"@type\":\"BreadcrumbList\",\"@id\":\"https:\/\/www.paverprefabricados.com\/es\/blog\/#breadcrumb\",\"itemListElement\":[{\"@type\":\"ListItem\",\"position\":1,\"name\":\"Portada\",\"item\":\"https:\/\/www.paverprefabricados.com\/es\/\"},{\"@type\":\"ListItem\",\"position\":2,\"name\":\"Blog\"}]},{\"@type\":\"WebSite\",\"@id\":\"https:\/\/www.paverprefabricados.com\/es\/#website\",\"url\":\"https:\/\/www.paverprefabricados.com\/es\/\",\"name\":\"PAVER PREFABRICADOS\",\"description\":\"prefabricados de hormig\u00f3n\",\"publisher\":{\"@id\":\"https:\/\/www.paverprefabricados.com\/es\/#organization\"},\"potentialAction\":[{\"@type\":\"SearchAction\",\"target\":{\"@type\":\"EntryPoint\",\"urlTemplate\":\"https:\/\/www.paverprefabricados.com\/es\/?s={search_term_string}\"},\"query-input\":{\"@type\":\"PropertyValueSpecification\",\"valueRequired\":true,\"valueName\":\"search_term_string\"}}],\"inLanguage\":\"es\"},{\"@type\":\"Organization\",\"@id\":\"https:\/\/www.paverprefabricados.com\/es\/#organization\",\"name\":\"PAVER PREFABRICADOS\",\"url\":\"https:\/\/www.paverprefabricados.com\/es\/\",\"logo\":{\"@type\":\"ImageObject\",\"inLanguage\":\"es\",\"@id\":\"https:\/\/www.paverprefabricados.com\/es\/#\/schema\/logo\/image\/\",\"url\":\"https:\/\/www.paverprefabricados.com\/wp-content\/uploads\/2025\/03\/Paver_logo-01.png\",\"contentUrl\":\"https:\/\/www.paverprefabricados.com\/wp-content\/uploads\/2025\/03\/Paver_logo-01.png\",\"width\":300,\"height\":64,\"caption\":\"PAVER PREFABRICADOS\"},\"image\":{\"@id\":\"https:\/\/www.paverprefabricados.com\/es\/#\/schema\/logo\/image\/\"}}]}<\/script>\n<!-- \/ Yoast SEO plugin. -->","yoast_head_json":{"title":"Blog sobre prefabricados de hormig\u00f3n - PAVER PREFABRICADOS","description":"Blog sobre prefabricados de hormig\u00f3n, art\u00edculos, not\u00edcias e informaci\u00f3n.","robots":{"index":"index","follow":"follow","max-snippet":"max-snippet:-1","max-image-preview":"max-image-preview:large","max-video-preview":"max-video-preview:-1"},"canonical":"https:\/\/www.paverprefabricados.com\/es\/blog\/","og_locale":"es_ES","og_type":"article","og_title":"Blog sobre prefabricados de hormig\u00f3n - PAVER PREFABRICADOS","og_description":"Blog sobre prefabricados de hormig\u00f3n, art\u00edculos, not\u00edcias e informaci\u00f3n.","og_url":"https:\/\/www.paverprefabricados.com\/es\/blog\/","og_site_name":"PAVER PREFABRICADOS","article_modified_time":"2025-06-25T14:10:36+00:00","twitter_card":"summary_large_image","twitter_misc":{"Tiempo de lectura":"4 minutos"},"schema":{"@context":"https:\/\/schema.org","@graph":[{"@type":"WebPage","@id":"https:\/\/www.paverprefabricados.com\/es\/blog\/","url":"https:\/\/www.paverprefabricados.com\/es\/blog\/","name":"Blog sobre prefabricados de hormig\u00f3n - PAVER PREFABRICADOS","isPartOf":{"@id":"https:\/\/www.paverprefabricados.com\/es\/#website"},"datePublished":"2025-03-24T19:53:17+00:00","dateModified":"2025-06-25T14:10:36+00:00","description":"Blog sobre prefabricados de hormig\u00f3n, art\u00edculos, not\u00edcias e informaci\u00f3n.","breadcrumb":{"@id":"https:\/\/www.paverprefabricados.com\/es\/blog\/#breadcrumb"},"inLanguage":"es","potentialAction":[{"@type":"ReadAction","target":["https:\/\/www.paverprefabricados.com\/es\/blog\/"]}]},{"@type":"BreadcrumbList","@id":"https:\/\/www.paverprefabricados.com\/es\/blog\/#breadcrumb","itemListElement":[{"@type":"ListItem","position":1,"name":"Portada","item":"https:\/\/www.paverprefabricados.com\/es\/"},{"@type":"ListItem","position":2,"name":"Blog"}]},{"@type":"WebSite","@id":"https:\/\/www.paverprefabricados.com\/es\/#website","url":"https:\/\/www.paverprefabricados.com\/es\/","name":"PAVER PREFABRICADOS","description":"prefabricados de hormig\u00f3n","publisher":{"@id":"https:\/\/www.paverprefabricados.com\/es\/#organization"},"potentialAction":[{"@type":"SearchAction","target":{"@type":"EntryPoint","urlTemplate":"https:\/\/www.paverprefabricados.com\/es\/?s={search_term_string}"},"query-input":{"@type":"PropertyValueSpecification","valueRequired":true,"valueName":"search_term_string"}}],"inLanguage":"es"},{"@type":"Organization","@id":"https:\/\/www.paverprefabricados.com\/es\/#organization","name":"PAVER PREFABRICADOS","url":"https:\/\/www.paverprefabricados.com\/es\/","logo":{"@type":"ImageObject","inLanguage":"es","@id":"https:\/\/www.paverprefabricados.com\/es\/#\/schema\/logo\/image\/","url":"https:\/\/www.paverprefabricados.com\/wp-content\/uploads\/2025\/03\/Paver_logo-01.png","contentUrl":"https:\/\/www.paverprefabricados.com\/wp-content\/uploads\/2025\/03\/Paver_logo-01.png","width":300,"height":64,"caption":"PAVER PREFABRICADOS"},"image":{"@id":"https:\/\/www.paverprefabricados.com\/es\/#\/schema\/logo\/image\/"}}]}},"_links":{"self":[{"href":"https:\/\/www.paverprefabricados.com\/es\/wp-json\/wp\/v2\/pages\/95","targetHints":{"allow":["GET"]}}],"collection":[{"href":"https:\/\/www.paverprefabricados.com\/es\/wp-json\/wp\/v2\/pages"}],"about":[{"href":"https:\/\/www.paverprefabricados.com\/es\/wp-json\/wp\/v2\/types\/page"}],"author":[{"embeddable":true,"href":"https:\/\/www.paverprefabricados.com\/es\/wp-json\/wp\/v2\/users\/1"}],"replies":[{"embeddable":true,"href":"https:\/\/www.paverprefabricados.com\/es\/wp-json\/wp\/v2\/comments?post=95"}],"version-history":[{"count":8,"href":"https:\/\/www.paverprefabricados.com\/es\/wp-json\/wp\/v2\/pages\/95\/revisions"}],"predecessor-version":[{"id":1985,"href":"https:\/\/www.paverprefabricados.com\/es\/wp-json\/wp\/v2\/pages\/95\/revisions\/1985"}],"wp:attachment":[{"href":"https:\/\/www.paverprefabricados.com\/es\/wp-json\/wp\/v2\/media?parent=95"}],"curies":[{"name":"wp","href":"https:\/\/api.w.org\/{rel}","templated":true}]}}