{"id":763,"date":"2025-04-03T21:10:27","date_gmt":"2025-04-03T19:10:27","guid":{"rendered":"https:\/\/www.paverprefabricados.com\/?page_id=763"},"modified":"2025-04-23T17:44:14","modified_gmt":"2025-04-23T15:44:14","slug":"documentacion","status":"publish","type":"page","link":"https:\/\/www.paverprefabricados.com\/es\/documentacion\/","title":{"rendered":"Documentaci\u00f3n"},"content":{"rendered":"\n[et_pb_section fb_built=\u00bb1&#8243; admin_label=\u00bbHeader\u00bb _builder_version=\u00bb4.27.4&#8243; _module_preset=\u00bbdefault\u00bb background_color=\u00bb#000000&#8243; use_background_color_gradient=\u00bbon\u00bb background_color_gradient_direction=\u00bb245deg\u00bb background_color_gradient_stops=\u00bbrgba(0,0,0,0.8) 20%|rgba(0,0,0,0) 70%\u00bb background_color_gradient_overlays_image=\u00bbon\u00bb background_image=\u00bbhttps:\/\/www.paverprefabricados.com\/wp-content\/uploads\/2025\/04\/paverprefabricados-documentacion.png\u00bb background_position=\u00bbbottom_right\u00bb background_horizontal_offset=\u00bb7%\u00bb background_vertical_offset=\u00bb27%\u00bb custom_padding=\u00bb400px||0px||false|false\u00bb collapsed=\u00bbon\u00bb global_colors_info=\u00bb{}\u00bb][et_pb_row column_structure=\u00bb2_5,3_5&#8243; _builder_version=\u00bb4.19.1&#8243; _module_preset=\u00bbdefault\u00bb custom_margin=\u00bb6vw||||false|false\u00bb custom_padding=\u00bb||0px||false|false\u00bb global_colors_info=\u00bb{}\u00bb][et_pb_column type=\u00bb2_5&#8243; _builder_version=\u00bb4.19.0&#8243; _module_preset=\u00bbdefault\u00bb global_colors_info=\u00bb{}\u00bb][\/et_pb_column][et_pb_column type=\u00bb3_5&#8243; _builder_version=\u00bb4.19.0&#8243; _module_preset=\u00bbdefault\u00bb background_color=\u00bbgcid-233cd77b-4711-403e-b130-11d9e5b5d115&#8243; custom_padding=\u00bb30px|30px|30px|30px|true|true\u00bb custom_padding_tablet=\u00bb30px|30px|30px|30px|true|true\u00bb custom_padding_phone=\u00bb20px|20px|20px|20px|true|true\u00bb custom_padding_last_edited=\u00bbon|desktop\u00bb global_colors_info=\u00bb{%22gcid-233cd77b-4711-403e-b130-11d9e5b5d115%22:%91%22background_color%22%93}\u00bb][et_pb_text _builder_version=\u00bb4.27.4&#8243; _module_preset=\u00bba714f8f7-9e4e-49ef-8d41-876460b6ad4d\u00bb header_text_align=\u00bbcenter\u00bb header_text_color=\u00bb#000000&#8243; header_font_size=\u00bb52px\u00bb max_width=\u00bb840px\u00bb locked=\u00bboff\u00bb global_colors_info=\u00bb{}\u00bb]<h1>Documentaci\u00f3n<\/h1>[\/et_pb_text][\/et_pb_column][\/et_pb_row][\/et_pb_section][et_pb_section fb_built=\u00bb1&#8243; _builder_version=\u00bb4.27.4&#8243; _module_preset=\u00bbdefault\u00bb background_color=\u00bb#000000&#8243; width=\u00bb100%\u00bb max_width=\u00bb100%\u00bb module_alignment=\u00bbcenter\u00bb min_height=\u00bb10px\u00bb height=\u00bb10px\u00bb max_height=\u00bb10px\u00bb custom_margin=\u00bb0px|0px|0px|0px|false|false\u00bb custom_padding=\u00bb0px|0px|0px|0px|false|false\u00bb global_module=\u00bb327&#8243; saved_tabs=\u00bball\u00bb locked=\u00bboff\u00bb global_colors_info=\u00bb{}\u00bb][et_pb_row column_structure=\u00bb1_5,1_5,1_5,1_5,1_5&#8243; _builder_version=\u00bb4.27.4&#8243; _module_preset=\u00bbdefault\u00bb width=\u00bb100%\u00bb max_width=\u00bb100%\u00bb min_height=\u00bb10px\u00bb height=\u00bb10px\u00bb max_height=\u00bb10px\u00bb custom_margin=\u00bb0px|0px|0px|0px|false|false\u00bb custom_padding=\u00bb0px|0px|0px|0px|false|false\u00bb global_colors_info=\u00bb{}\u00bb][et_pb_column type=\u00bb1_5&#8243; _builder_version=\u00bb4.27.4&#8243; _module_preset=\u00bbdefault\u00bb background_color=\u00bb#005e30&#8243; custom_padding=\u00bb||||false|false\u00bb global_colors_info=\u00bb{}\u00bb][et_pb_text _builder_version=\u00bb4.27.4&#8243; _module_preset=\u00bbdefault\u00bb min_height=\u00bb10px\u00bb height=\u00bb10px\u00bb max_height=\u00bb10px\u00bb global_colors_info=\u00bb{}\u00bb][\/et_pb_text][\/et_pb_column][et_pb_column type=\u00bb1_5&#8243; _builder_version=\u00bb4.27.4&#8243; _module_preset=\u00bbdefault\u00bb global_colors_info=\u00bb{}\u00bb][et_pb_text _builder_version=\u00bb4.27.4&#8243; _module_preset=\u00bbdefault\u00bb background_color=\u00bb#007437&#8243; min_height=\u00bb10px\u00bb height=\u00bb10px\u00bb max_height=\u00bb10px\u00bb locked=\u00bboff\u00bb global_colors_info=\u00bb{}\u00bb][\/et_pb_text][\/et_pb_column][et_pb_column type=\u00bb1_5&#8243; _builder_version=\u00bb4.27.4&#8243; _module_preset=\u00bbdefault\u00bb global_colors_info=\u00bb{}\u00bb][et_pb_text _builder_version=\u00bb4.27.4&#8243; _module_preset=\u00bbdefault\u00bb background_color=\u00bb#009a7f\u00bb min_height=\u00bb10px\u00bb height=\u00bb10px\u00bb max_height=\u00bb10px\u00bb custom_margin=\u00bb|0px||0px|false|false\u00bb custom_padding=\u00bb|0px||0px|false|false\u00bb locked=\u00bboff\u00bb global_colors_info=\u00bb{}\u00bb][\/et_pb_text][\/et_pb_column][et_pb_column type=\u00bb1_5&#8243; _builder_version=\u00bb4.27.4&#8243; _module_preset=\u00bbdefault\u00bb global_colors_info=\u00bb{}\u00bb][et_pb_text _builder_version=\u00bb4.27.4&#8243; _module_preset=\u00bbdefault\u00bb background_color=\u00bb#009da9&#8243; min_height=\u00bb10px\u00bb height=\u00bb10px\u00bb max_height=\u00bb10px\u00bb locked=\u00bboff\u00bb global_colors_info=\u00bb{}\u00bb][\/et_pb_text][\/et_pb_column][et_pb_column type=\u00bb1_5&#8243; _builder_version=\u00bb4.27.4&#8243; _module_preset=\u00bbdefault\u00bb global_colors_info=\u00bb{}\u00bb][et_pb_text _builder_version=\u00bb4.27.4&#8243; _module_preset=\u00bbdefault\u00bb background_color=\u00bb#bbe1f9&#8243; min_height=\u00bb10px\u00bb height=\u00bb10px\u00bb max_height=\u00bb10px\u00bb locked=\u00bboff\u00bb global_colors_info=\u00bb{}\u00bb][\/et_pb_text][\/et_pb_column][\/et_pb_row][\/et_pb_section][et_pb_section fb_built=\u00bb1&#8243; admin_label=\u00bbAbout\u00bb _builder_version=\u00bb4.27.4&#8243; _module_preset=\u00bbdefault\u00bb background_color=\u00bb#171717&#8243; background_enable_image=\u00bboff\u00bb background_position=\u00bbtop_center\u00bb background_vertical_offset=\u00bb24%\u00bb background_blend=\u00bbcolor-burn\u00bb collapsed=\u00bbon\u00bb global_colors_info=\u00bb{}\u00bb][et_pb_row column_structure=\u00bb1_2,1_2&#8243; use_custom_gutter=\u00bbon\u00bb gutter_width=\u00bb2&#8243; make_equal=\u00bbon\u00bb _builder_version=\u00bb4.19.0&#8243; _module_preset=\u00bbdefault\u00bb custom_padding=\u00bb||10px||false|false\u00bb locked=\u00bboff\u00bb global_colors_info=\u00bb{}\u00bb][et_pb_column type=\u00bb1_2&#8243; _builder_version=\u00bb4.19.0&#8243; _module_preset=\u00bbdefault\u00bb global_colors_info=\u00bb{}\u00bb][et_pb_text _builder_version=\u00bb4.27.4&#8243; _module_preset=\u00bb2e1da1b7-4fa6-4817-98ff-37c444861f98&#8243; header_text_align=\u00bbcenter\u00bb header_2_text_align=\u00bbcenter\u00bb header_2_text_color=\u00bb#bbe1f9&#8243; global_colors_info=\u00bb{}\u00bb]<h2>Cat\u00e1logos<\/h2>[\/et_pb_text][et_pb_text _builder_version=\u00bb4.27.4&#8243; _module_preset=\u00bbe436a24f-5a28-4209-b62c-3ccd6c8bc3f3&#8243; text_text_color=\u00bb#FFFFFF\u00bb custom_margin=\u00bb||30px||false|false\u00bb global_colors_info=\u00bb{}\u00bb]<p class=\"p1\"><span class=\"s1\">Los <b>cat\u00e1logos<\/b> de <i>Paver Prefabricados S.A.<\/i> ofrecen una visi\u00f3n detallada de nuestras soluciones prefabricadas en hormig\u00f3n, incluyendo <b>muros<\/b>, <b>silos<\/b> y <b>dep\u00f3sitos<\/b>, destacando <b>caracter\u00edsticas<\/b>, <b>ventajas<\/b> y <b>aplicaciones<\/b> de cada producto.<\/span><\/p>[\/et_pb_text][et_pb_image src=\u00bbhttps:\/\/www.paverprefabricados.com\/wp-content\/uploads\/2025\/04\/paverprefabricados-catalogos.jpg\u00bb title_text=\u00bbpaverprefabricados-catalogos\u00bb align=\u00bbcenter\u00bb _builder_version=\u00bb4.27.4&#8243; _module_preset=\u00bbdefault\u00bb width=\u00bb50%\u00bb max_width=\u00bb50%\u00bb global_colors_info=\u00bb{}\u00bb][\/et_pb_image][et_pb_button button_url=\u00bbhttps:\/\/www.paverprefabricados.com\/catalogos\/\u00bb button_text=\u00bbVer cat\u00e1logos\u00bb button_alignment=\u00bbcenter\u00bb _builder_version=\u00bb4.27.4&#8243; _module_preset=\u00bb34a8bf64-dc99-4873-b27a-9c533a079142&#8243; button_bg_color=\u00bb#bbe1f9&#8243; button_border_width=\u00bb2px\u00bb custom_margin=\u00bb10px||||false|false\u00bb custom_margin_tablet=\u00bb10px||||false|false\u00bb custom_margin_phone=\u00bb10px||||false|false\u00bb custom_margin_last_edited=\u00bbon|desktop\u00bb locked=\u00bboff\u00bb global_colors_info=\u00bb{}\u00bb button_text_color__sticky_enabled=\u00bboff|sticky\u00bb button_text_color__sticky=\u00bb#bbe1f9&#8243; button_bg_color__sticky_enabled=\u00bboff|sticky\u00bb button_bg_color__sticky=\u00bb#000000&#8243; button_bg_enable_color__sticky=\u00bbon\u00bb button_text_color__hover_enabled=\u00bbon|hover\u00bb button_text_color__hover=\u00bb#bbe1f9&#8243; button_bg_color__hover_enabled=\u00bbon|hover\u00bb button_bg_color__hover=\u00bb#000000&#8243; button_bg_enable_color__hover=\u00bbon\u00bb button_border_width__hover_enabled=\u00bbon|hover\u00bb button_border_width__hover=\u00bb2px\u00bb button_border_color__hover_enabled=\u00bbon|hover\u00bb button_border_color__hover=\u00bb#bbe1f9&#8243;][\/et_pb_button][\/et_pb_column][et_pb_column type=\u00bb1_2&#8243; _builder_version=\u00bb4.19.0&#8243; _module_preset=\u00bbdefault\u00bb global_colors_info=\u00bb{}\u00bb][et_pb_text _builder_version=\u00bb4.27.4&#8243; _module_preset=\u00bb2e1da1b7-4fa6-4817-98ff-37c444861f98&#8243; header_2_text_align=\u00bbcenter\u00bb header_2_text_color=\u00bb#bbe1f9&#8243; locked=\u00bboff\u00bb global_colors_info=\u00bb{}\u00bb]<h2>Certificados<\/h2>[\/et_pb_text][et_pb_text _builder_version=\u00bb4.27.4&#8243; _module_preset=\u00bbe436a24f-5a28-4209-b62c-3ccd6c8bc3f3&#8243; text_text_color=\u00bb#FFFFFF\u00bb custom_margin=\u00bb||30px||false|false\u00bb locked=\u00bboff\u00bb global_colors_info=\u00bb{}\u00bb]<p class=\"p1\"><span class=\"s1\"><i>Paver Prefabricados S.A.<\/i> cuenta con <b>certificados de calidad<\/b> que avalan nuestros procesos y productos, cumpliendo con las normativas m\u00e1s exigentes en <b>seguridad<\/b>, <b>durabilidad<\/b> y <b>resistencia<\/b>, garantizando <b>altos est\u00e1ndares<\/b> en cada proyecto.<\/span><\/p>[\/et_pb_text][et_pb_image src=\u00bbhttps:\/\/www.paverprefabricados.com\/wp-content\/uploads\/2025\/04\/CERTIFICADO-CE.OCA-01.png\u00bb title_text=\u00bbCERTIFICADO-CE.OCA-01&#8243; align=\u00bbcenter\u00bb _builder_version=\u00bb4.27.4&#8243; _module_preset=\u00bbdefault\u00bb width=\u00bb51%\u00bb max_width=\u00bb51%\u00bb locked=\u00bboff\u00bb global_colors_info=\u00bb{}\u00bb][\/et_pb_image][et_pb_button button_url=\u00bbhttps:\/\/www.paverprefabricados.com\/certificados\/\u00bb button_text=\u00bbVer certificados\u00bb button_alignment=\u00bbcenter\u00bb _builder_version=\u00bb4.27.4&#8243; _module_preset=\u00bb34a8bf64-dc99-4873-b27a-9c533a079142&#8243; button_bg_color=\u00bb#bbe1f9&#8243; button_border_width=\u00bb2px\u00bb custom_margin=\u00bb10px||||false|false\u00bb custom_margin_tablet=\u00bb10px||||false|false\u00bb custom_margin_phone=\u00bb10px||||false|false\u00bb custom_margin_last_edited=\u00bbon|desktop\u00bb locked=\u00bboff\u00bb global_colors_info=\u00bb{}\u00bb button_text_color__sticky_enabled=\u00bboff|sticky\u00bb button_text_color__sticky=\u00bb#bbe1f9&#8243; button_bg_color__sticky_enabled=\u00bboff|sticky\u00bb button_bg_color__sticky=\u00bb#000000&#8243; button_bg_enable_color__sticky=\u00bbon\u00bb button_text_color__hover_enabled=\u00bbon|hover\u00bb button_text_color__hover=\u00bb#bbe1f9&#8243; button_bg_color__hover_enabled=\u00bbon|hover\u00bb button_bg_color__hover=\u00bb#000000&#8243; button_bg_enable_color__hover=\u00bbon\u00bb button_border_width__hover_enabled=\u00bbon|hover\u00bb button_border_width__hover=\u00bb2px\u00bb button_border_color__hover_enabled=\u00bbon|hover\u00bb button_border_color__hover=\u00bb#bbe1f9&#8243;][\/et_pb_button][\/et_pb_column][\/et_pb_row][\/et_pb_section][et_pb_section fb_built=\u00bb1&#8243; admin_label=\u00bbCall to Action\u00bb _builder_version=\u00bb4.27.4&#8243; _module_preset=\u00bbdefault\u00bb background_color=\u00bb#000000&#8243; custom_padding=\u00bb0px||0px||true|false\u00bb global_module=\u00bb189&#8243; saved_tabs=\u00bball\u00bb locked=\u00bboff\u00bb collapsed=\u00bbon\u00bb global_colors_info=\u00bb{}\u00bb][et_pb_row column_structure=\u00bb3_4,1_4&#8243; use_custom_gutter=\u00bbon\u00bb gutter_width=\u00bb1&#8243; make_equal=\u00bbon\u00bb _builder_version=\u00bb4.27.4&#8243; _module_preset=\u00bbdefault\u00bb max_width=\u00bbnone\u00bb module_alignment=\u00bbleft\u00bb custom_padding=\u00bb0px||0px||true|false\u00bb module_alignment_tablet=\u00bbcenter\u00bb module_alignment_phone=\u00bbcenter\u00bb module_alignment_last_edited=\u00bbon|tablet\u00bb global_colors_info=\u00bb{}\u00bb][et_pb_column type=\u00bb3_4&#8243; _builder_version=\u00bb4.27.4&#8243; _module_preset=\u00bbdefault\u00bb background_image=\u00bbhttps:\/\/www.paverprefabricados.com\/wp-content\/uploads\/2025\/03\/paverprefabricados-pide-presupuesto.jpg\u00bb global_colors_info=\u00bb{}\u00bb][et_pb_divider show_divider=\u00bboff\u00bb _builder_version=\u00bb4.19.0&#8243; _module_preset=\u00bbdefault\u00bb height_tablet=\u00bb40vw\u00bb height_phone=\u00bb40vw\u00bb height_last_edited=\u00bbon|tablet\u00bb global_colors_info=\u00bb{}\u00bb][\/et_pb_divider][\/et_pb_column][et_pb_column type=\u00bb1_4&#8243; _builder_version=\u00bb4.19.0&#8243; _module_preset=\u00bbdefault\u00bb background_color=\u00bbgcid-233cd77b-4711-403e-b130-11d9e5b5d115&#8243; custom_padding=\u00bb60px|30px|60px|30px|true|true\u00bb custom_padding_tablet=\u00bb60px|30px|60px|30px|true|true\u00bb custom_padding_phone=\u00bb20px|20px|20px|20px|true|true\u00bb custom_padding_last_edited=\u00bbon|phone\u00bb global_colors_info=\u00bb{%22gcid-233cd77b-4711-403e-b130-11d9e5b5d115%22:%91%22background_color%22%93}\u00bb][et_pb_text _builder_version=\u00bb4.27.4&#8243; _module_preset=\u00bb7f051173-acf6-4264-acc0-f40561b5bdd8&#8243; header_2_text_color=\u00bb#000000&#8243; header_2_font_size=\u00bb2.5vw\u00bb header_3_font=\u00bbMichroma||||||||\u00bb header_3_font_size=\u00bb1.9vw\u00bb custom_margin=\u00bb||10px||false|false\u00bb header_2_font_size_tablet=\u00bb2.5vw\u00bb header_2_font_size_phone=\u00bb2.5vw\u00bb header_2_font_size_last_edited=\u00bboff|desktop\u00bb global_colors_info=\u00bb{}\u00bb]<h3>Pide presupuesto para tu proyecto<\/h3>[\/et_pb_text][et_pb_button button_url=\u00bbhttps:\/\/www.paverprefabricados.com\/contacto\/\u00bb button_text=\u00bbContacto\u00bb module_id=\u00bbcontacto\u00bb _builder_version=\u00bb4.27.4&#8243; _module_preset=\u00bbfe1c53d4-ff94-4207-985d-70efd0826c7b\u00bb button_border_width=\u00bb2px\u00bb button_border_color=\u00bb#000000&#8243; global_colors_info=\u00bb{}\u00bb button_bg_color__hover_enabled=\u00bbon|hover\u00bb button_text_color__hover_enabled=\u00bbon|hover\u00bb button_text_color__hover=\u00bb#000000&#8243; button_border_width__hover_enabled=\u00bbon|hover\u00bb button_border_width__hover=\u00bb2px\u00bb button_border_color__hover_enabled=\u00bbon|desktop\u00bb button_border_color__hover=\u00bb#000000&#8243; button_bg_color__hover=\u00bb#bbe1f9&#8243; button_bg_enable_color__hover=\u00bbon\u00bb][\/et_pb_button][\/et_pb_column][\/et_pb_row][\/et_pb_section][et_pb_section fb_built=\u00bb1&#8243; _builder_version=\u00bb4.27.4&#8243; _module_preset=\u00bbdefault\u00bb background_color=\u00bb#000000&#8243; width=\u00bb100%\u00bb max_width=\u00bb100%\u00bb module_alignment=\u00bbcenter\u00bb min_height=\u00bb10px\u00bb height=\u00bb10px\u00bb max_height=\u00bb10px\u00bb custom_margin=\u00bb0px|0px|0px|0px|false|false\u00bb custom_padding=\u00bb0px|0px|0px|0px|false|false\u00bb global_module=\u00bb327&#8243; saved_tabs=\u00bball\u00bb locked=\u00bboff\u00bb global_colors_info=\u00bb{}\u00bb][et_pb_row column_structure=\u00bb1_5,1_5,1_5,1_5,1_5&#8243; _builder_version=\u00bb4.27.4&#8243; _module_preset=\u00bbdefault\u00bb width=\u00bb100%\u00bb max_width=\u00bb100%\u00bb min_height=\u00bb10px\u00bb height=\u00bb10px\u00bb max_height=\u00bb10px\u00bb custom_margin=\u00bb0px|0px|0px|0px|false|false\u00bb custom_padding=\u00bb0px|0px|0px|0px|false|false\u00bb global_colors_info=\u00bb{}\u00bb][et_pb_column type=\u00bb1_5&#8243; _builder_version=\u00bb4.27.4&#8243; _module_preset=\u00bbdefault\u00bb background_color=\u00bb#005e30&#8243; custom_padding=\u00bb||||false|false\u00bb global_colors_info=\u00bb{}\u00bb][et_pb_text _builder_version=\u00bb4.27.4&#8243; _module_preset=\u00bbdefault\u00bb min_height=\u00bb10px\u00bb height=\u00bb10px\u00bb max_height=\u00bb10px\u00bb global_colors_info=\u00bb{}\u00bb][\/et_pb_text][\/et_pb_column][et_pb_column type=\u00bb1_5&#8243; _builder_version=\u00bb4.27.4&#8243; _module_preset=\u00bbdefault\u00bb global_colors_info=\u00bb{}\u00bb][et_pb_text _builder_version=\u00bb4.27.4&#8243; _module_preset=\u00bbdefault\u00bb background_color=\u00bb#007437&#8243; min_height=\u00bb10px\u00bb height=\u00bb10px\u00bb max_height=\u00bb10px\u00bb locked=\u00bboff\u00bb global_colors_info=\u00bb{}\u00bb][\/et_pb_text][\/et_pb_column][et_pb_column type=\u00bb1_5&#8243; _builder_version=\u00bb4.27.4&#8243; _module_preset=\u00bbdefault\u00bb global_colors_info=\u00bb{}\u00bb][et_pb_text _builder_version=\u00bb4.27.4&#8243; _module_preset=\u00bbdefault\u00bb background_color=\u00bb#009a7f\u00bb min_height=\u00bb10px\u00bb height=\u00bb10px\u00bb max_height=\u00bb10px\u00bb custom_margin=\u00bb|0px||0px|false|false\u00bb custom_padding=\u00bb|0px||0px|false|false\u00bb locked=\u00bboff\u00bb global_colors_info=\u00bb{}\u00bb][\/et_pb_text][\/et_pb_column][et_pb_column type=\u00bb1_5&#8243; _builder_version=\u00bb4.27.4&#8243; _module_preset=\u00bbdefault\u00bb global_colors_info=\u00bb{}\u00bb][et_pb_text _builder_version=\u00bb4.27.4&#8243; _module_preset=\u00bbdefault\u00bb background_color=\u00bb#009da9&#8243; min_height=\u00bb10px\u00bb height=\u00bb10px\u00bb max_height=\u00bb10px\u00bb locked=\u00bboff\u00bb global_colors_info=\u00bb{}\u00bb][\/et_pb_text][\/et_pb_column][et_pb_column type=\u00bb1_5&#8243; _builder_version=\u00bb4.27.4&#8243; _module_preset=\u00bbdefault\u00bb global_colors_info=\u00bb{}\u00bb][et_pb_text _builder_version=\u00bb4.27.4&#8243; _module_preset=\u00bbdefault\u00bb background_color=\u00bb#bbe1f9&#8243; min_height=\u00bb10px\u00bb height=\u00bb10px\u00bb max_height=\u00bb10px\u00bb locked=\u00bboff\u00bb global_colors_info=\u00bb{}\u00bb][\/et_pb_text][\/et_pb_column][\/et_pb_row][\/et_pb_section]\n","protected":false},"excerpt":{"rendered":"<p>Documentaci\u00f3nCat\u00e1logosLos cat\u00e1logos de Paver Prefabricados S.A. ofrecen una visi\u00f3n detallada de nuestras soluciones prefabricadas en hormig\u00f3n, incluyendo muros, silos y dep\u00f3sitos, destacando caracter\u00edsticas, ventajas y aplicaciones de cada producto.CertificadosPaver Prefabricados S.A. cuenta con certificados de calidad que avalan nuestros procesos y productos, cumpliendo con las normativas m\u00e1s exigentes en seguridad, durabilidad y resistencia, garantizando altos [&hellip;]<\/p>\n","protected":false},"author":1,"featured_media":0,"parent":0,"menu_order":0,"comment_status":"closed","ping_status":"closed","template":"","meta":{"_et_pb_use_builder":"on","_et_pb_old_content":"","_et_gb_content_width":"","footnotes":""},"class_list":["post-763","page","type-page","status-publish","hentry"],"yoast_head":"<!-- This site is optimized with the Yoast SEO plugin v26.7 - https:\/\/yoast.com\/wordpress\/plugins\/seo\/ -->\n<title>Documentaci\u00f3n de prefabricados de hormig\u00f3n - PAVER PREFABRICADOS<\/title>\n<meta name=\"description\" content=\"Documentaci\u00f3n de prefabricados de hormig\u00f3n, cat\u00e1logos y certificados.\" \/>\n<meta name=\"robots\" content=\"index, follow, max-snippet:-1, max-image-preview:large, max-video-preview:-1\" \/>\n<link rel=\"canonical\" href=\"https:\/\/www.paverprefabricados.com\/es\/documentacion\/\" \/>\n<meta property=\"og:locale\" content=\"es_ES\" \/>\n<meta property=\"og:type\" content=\"article\" \/>\n<meta property=\"og:title\" content=\"Documentaci\u00f3n de prefabricados de hormig\u00f3n - PAVER PREFABRICADOS\" \/>\n<meta property=\"og:description\" content=\"Documentaci\u00f3n de prefabricados de hormig\u00f3n, cat\u00e1logos y certificados.\" \/>\n<meta property=\"og:url\" content=\"https:\/\/www.paverprefabricados.com\/es\/documentacion\/\" \/>\n<meta property=\"og:site_name\" content=\"PAVER PREFABRICADOS\" \/>\n<meta property=\"article:modified_time\" content=\"2025-04-23T15:44:14+00:00\" \/>\n<meta name=\"twitter:card\" content=\"summary_large_image\" \/>\n<meta name=\"twitter:label1\" content=\"Tiempo de lectura\" \/>\n\t<meta name=\"twitter:data1\" content=\"1 minuto\" \/>\n<script type=\"application\/ld+json\" class=\"yoast-schema-graph\">{\"@context\":\"https:\/\/schema.org\",\"@graph\":[{\"@type\":\"WebPage\",\"@id\":\"https:\/\/www.paverprefabricados.com\/es\/documentacion\/\",\"url\":\"https:\/\/www.paverprefabricados.com\/es\/documentacion\/\",\"name\":\"Documentaci\u00f3n de prefabricados de hormig\u00f3n - PAVER PREFABRICADOS\",\"isPartOf\":{\"@id\":\"https:\/\/www.paverprefabricados.com\/es\/#website\"},\"datePublished\":\"2025-04-03T19:10:27+00:00\",\"dateModified\":\"2025-04-23T15:44:14+00:00\",\"description\":\"Documentaci\u00f3n de prefabricados de hormig\u00f3n, cat\u00e1logos y certificados.\",\"breadcrumb\":{\"@id\":\"https:\/\/www.paverprefabricados.com\/es\/documentacion\/#breadcrumb\"},\"inLanguage\":\"es\",\"potentialAction\":[{\"@type\":\"ReadAction\",\"target\":[\"https:\/\/www.paverprefabricados.com\/es\/documentacion\/\"]}]},{\"@type\":\"BreadcrumbList\",\"@id\":\"https:\/\/www.paverprefabricados.com\/es\/documentacion\/#breadcrumb\",\"itemListElement\":[{\"@type\":\"ListItem\",\"position\":1,\"name\":\"Portada\",\"item\":\"https:\/\/www.paverprefabricados.com\/es\/\"},{\"@type\":\"ListItem\",\"position\":2,\"name\":\"Documentaci\u00f3n\"}]},{\"@type\":\"WebSite\",\"@id\":\"https:\/\/www.paverprefabricados.com\/es\/#website\",\"url\":\"https:\/\/www.paverprefabricados.com\/es\/\",\"name\":\"PAVER PREFABRICADOS\",\"description\":\"prefabricados de hormig\u00f3n\",\"publisher\":{\"@id\":\"https:\/\/www.paverprefabricados.com\/es\/#organization\"},\"potentialAction\":[{\"@type\":\"SearchAction\",\"target\":{\"@type\":\"EntryPoint\",\"urlTemplate\":\"https:\/\/www.paverprefabricados.com\/es\/?s={search_term_string}\"},\"query-input\":{\"@type\":\"PropertyValueSpecification\",\"valueRequired\":true,\"valueName\":\"search_term_string\"}}],\"inLanguage\":\"es\"},{\"@type\":\"Organization\",\"@id\":\"https:\/\/www.paverprefabricados.com\/es\/#organization\",\"name\":\"PAVER PREFABRICADOS\",\"url\":\"https:\/\/www.paverprefabricados.com\/es\/\",\"logo\":{\"@type\":\"ImageObject\",\"inLanguage\":\"es\",\"@id\":\"https:\/\/www.paverprefabricados.com\/es\/#\/schema\/logo\/image\/\",\"url\":\"https:\/\/www.paverprefabricados.com\/wp-content\/uploads\/2025\/03\/Paver_logo-01.png\",\"contentUrl\":\"https:\/\/www.paverprefabricados.com\/wp-content\/uploads\/2025\/03\/Paver_logo-01.png\",\"width\":300,\"height\":64,\"caption\":\"PAVER PREFABRICADOS\"},\"image\":{\"@id\":\"https:\/\/www.paverprefabricados.com\/es\/#\/schema\/logo\/image\/\"}}]}<\/script>\n<!-- \/ Yoast SEO plugin. -->","yoast_head_json":{"title":"Documentaci\u00f3n de prefabricados de hormig\u00f3n - PAVER PREFABRICADOS","description":"Documentaci\u00f3n de prefabricados de hormig\u00f3n, cat\u00e1logos y certificados.","robots":{"index":"index","follow":"follow","max-snippet":"max-snippet:-1","max-image-preview":"max-image-preview:large","max-video-preview":"max-video-preview:-1"},"canonical":"https:\/\/www.paverprefabricados.com\/es\/documentacion\/","og_locale":"es_ES","og_type":"article","og_title":"Documentaci\u00f3n de prefabricados de hormig\u00f3n - PAVER PREFABRICADOS","og_description":"Documentaci\u00f3n de prefabricados de hormig\u00f3n, cat\u00e1logos y certificados.","og_url":"https:\/\/www.paverprefabricados.com\/es\/documentacion\/","og_site_name":"PAVER PREFABRICADOS","article_modified_time":"2025-04-23T15:44:14+00:00","twitter_card":"summary_large_image","twitter_misc":{"Tiempo de lectura":"1 minuto"},"schema":{"@context":"https:\/\/schema.org","@graph":[{"@type":"WebPage","@id":"https:\/\/www.paverprefabricados.com\/es\/documentacion\/","url":"https:\/\/www.paverprefabricados.com\/es\/documentacion\/","name":"Documentaci\u00f3n de prefabricados de hormig\u00f3n - PAVER PREFABRICADOS","isPartOf":{"@id":"https:\/\/www.paverprefabricados.com\/es\/#website"},"datePublished":"2025-04-03T19:10:27+00:00","dateModified":"2025-04-23T15:44:14+00:00","description":"Documentaci\u00f3n de prefabricados de hormig\u00f3n, cat\u00e1logos y certificados.","breadcrumb":{"@id":"https:\/\/www.paverprefabricados.com\/es\/documentacion\/#breadcrumb"},"inLanguage":"es","potentialAction":[{"@type":"ReadAction","target":["https:\/\/www.paverprefabricados.com\/es\/documentacion\/"]}]},{"@type":"BreadcrumbList","@id":"https:\/\/www.paverprefabricados.com\/es\/documentacion\/#breadcrumb","itemListElement":[{"@type":"ListItem","position":1,"name":"Portada","item":"https:\/\/www.paverprefabricados.com\/es\/"},{"@type":"ListItem","position":2,"name":"Documentaci\u00f3n"}]},{"@type":"WebSite","@id":"https:\/\/www.paverprefabricados.com\/es\/#website","url":"https:\/\/www.paverprefabricados.com\/es\/","name":"PAVER PREFABRICADOS","description":"prefabricados de hormig\u00f3n","publisher":{"@id":"https:\/\/www.paverprefabricados.com\/es\/#organization"},"potentialAction":[{"@type":"SearchAction","target":{"@type":"EntryPoint","urlTemplate":"https:\/\/www.paverprefabricados.com\/es\/?s={search_term_string}"},"query-input":{"@type":"PropertyValueSpecification","valueRequired":true,"valueName":"search_term_string"}}],"inLanguage":"es"},{"@type":"Organization","@id":"https:\/\/www.paverprefabricados.com\/es\/#organization","name":"PAVER PREFABRICADOS","url":"https:\/\/www.paverprefabricados.com\/es\/","logo":{"@type":"ImageObject","inLanguage":"es","@id":"https:\/\/www.paverprefabricados.com\/es\/#\/schema\/logo\/image\/","url":"https:\/\/www.paverprefabricados.com\/wp-content\/uploads\/2025\/03\/Paver_logo-01.png","contentUrl":"https:\/\/www.paverprefabricados.com\/wp-content\/uploads\/2025\/03\/Paver_logo-01.png","width":300,"height":64,"caption":"PAVER PREFABRICADOS"},"image":{"@id":"https:\/\/www.paverprefabricados.com\/es\/#\/schema\/logo\/image\/"}}]}},"_links":{"self":[{"href":"https:\/\/www.paverprefabricados.com\/es\/wp-json\/wp\/v2\/pages\/763","targetHints":{"allow":["GET"]}}],"collection":[{"href":"https:\/\/www.paverprefabricados.com\/es\/wp-json\/wp\/v2\/pages"}],"about":[{"href":"https:\/\/www.paverprefabricados.com\/es\/wp-json\/wp\/v2\/types\/page"}],"author":[{"embeddable":true,"href":"https:\/\/www.paverprefabricados.com\/es\/wp-json\/wp\/v2\/users\/1"}],"replies":[{"embeddable":true,"href":"https:\/\/www.paverprefabricados.com\/es\/wp-json\/wp\/v2\/comments?post=763"}],"version-history":[{"count":13,"href":"https:\/\/www.paverprefabricados.com\/es\/wp-json\/wp\/v2\/pages\/763\/revisions"}],"predecessor-version":[{"id":1297,"href":"https:\/\/www.paverprefabricados.com\/es\/wp-json\/wp\/v2\/pages\/763\/revisions\/1297"}],"wp:attachment":[{"href":"https:\/\/www.paverprefabricados.com\/es\/wp-json\/wp\/v2\/media?parent=763"}],"curies":[{"name":"wp","href":"https:\/\/api.w.org\/{rel}","templated":true}]}}