{"id":1910,"date":"2025-03-24T20:53:17","date_gmt":"2025-03-24T19:53:17","guid":{"rendered":"https:\/\/www.paverprefabricados.com\/blog\/"},"modified":"2025-06-25T16:13:06","modified_gmt":"2025-06-25T14:13:06","slug":"blog","status":"publish","type":"page","link":"https:\/\/www.paverprefabricados.com\/ca\/blog\/","title":{"rendered":"Blog"},"content":{"rendered":"<p>[et_pb_section fb_built=&#8221;1&#8243; admin_label=&#8221;Header&#8221; _builder_version=&#8221;4.19.2&#8243; _module_preset=&#8221;default&#8221; background_color=&#8221;#171717&#8243; custom_padding=&#8221;||0px|||&#8221; collapsed=&#8221;on&#8221; global_colors_info=&#8221;{%22gcid-6bb521d5-2649-4d07-a59b-3ce6a3808f81%22:%91%22background_color_gradient_stops%22%93,%22gcid-233cd77b-4711-403e-b130-11d9e5b5d115%22:%91%22background_color_gradient_stops%22%93}&#8221;][et_pb_row column_structure=&#8221;1_3,2_3&#8243; _builder_version=&#8221;4.19.2&#8243; _module_preset=&#8221;default&#8221; custom_padding=&#8221;0px||||false|false&#8221; global_colors_info=&#8221;{}&#8221;][et_pb_column type=&#8221;1_3&#8243; _builder_version=&#8221;4.19.1&#8243; _module_preset=&#8221;default&#8221; custom_padding=&#8221;10%||||false|false&#8221; custom_padding_tablet=&#8221;||||false|false&#8221; custom_padding_phone=&#8221;||||false|false&#8221; custom_padding_last_edited=&#8221;off|desktop&#8221; global_colors_info=&#8221;{}&#8221;][et_pb_text _builder_version=&#8221;4.19.0&#8243; _module_preset=&#8221;98c8c47c-907f-4655-aba1-5b3853378178&#8243; global_colors_info=&#8221;{}&#8221;]<\/p>\n<h1>Blog<\/h1>\n<p>[\/et_pb_text][\/et_pb_column][et_pb_column type=&#8221;2_3&#8243; _builder_version=&#8221;4.19.0&#8243; _module_preset=&#8221;default&#8221; box_shadow_style=&#8221;preset4&#8243; box_shadow_horizontal=&#8221;30vw&#8221; box_shadow_vertical=&#8221;-24vw&#8221; box_shadow_spread=&#8221;20vw&#8221; box_shadow_color=&#8221;gcid-233cd77b-4711-403e-b130-11d9e5b5d115&#8243; box_shadow_horizontal_tablet=&#8221;48vw&#8221; box_shadow_horizontal_phone=&#8221;48vw&#8221; box_shadow_horizontal_last_edited=&#8221;on|tablet&#8221; global_colors_info=&#8221;{%22gcid-233cd77b-4711-403e-b130-11d9e5b5d115%22:%91%22box_shadow_color%22%93}&#8221;][et_pb_post_slider _builder_version=&#8221;4.19.0&#8243; _module_preset=&#8221;b12a0b4b-e85d-426c-8e20-82bac2021e58&#8243; locked=&#8221;off&#8221; global_colors_info=&#8221;{}&#8221;][\/et_pb_post_slider][\/et_pb_column][\/et_pb_row][\/et_pb_section][et_pb_section fb_built=&#8221;1&#8243; _builder_version=&#8221;4.27.4&#8243; _module_preset=&#8221;default&#8221; background_color=&#8221;#000000&#8243; background_image=&#8221;https:\/\/www.paverprefabricados.com\/wp-content\/uploads\/2025\/05\/Paver_cuadrats-02.png&#8221; background_size=&#8221;stretch&#8221; width=&#8221;100%&#8221; width_last_edited=&#8221;on|tablet&#8221; max_width=&#8221;100%&#8221; max_width_last_edited=&#8221;on|tablet&#8221; module_alignment=&#8221;center&#8221; min_height=&#8221;10px&#8221; height=&#8221;10px&#8221; max_height=&#8221;10px&#8221; custom_margin=&#8221;0px|0px|0px|0px|false|false&#8221; custom_padding=&#8221;0px|0px|0px|0px|false|false&#8221; global_module=&#8221;327&#8243; saved_tabs=&#8221;all&#8221; locked=&#8221;off&#8221; global_colors_info=&#8221;{}&#8221; width_tablet=&#8221;100%&#8221; width_phone=&#8221;100%&#8221; max_width_tablet=&#8221;100%&#8221; max_width_phone=&#8221;100%&#8221;][\/et_pb_section][et_pb_section fb_built=&#8221;1&#8243; admin_label=&#8221;Header&#8221; _builder_version=&#8221;4.19.2&#8243; _module_preset=&#8221;default&#8221; background_color=&#8221;#171717&#8243; collapsed=&#8221;on&#8221; global_colors_info=&#8221;{%22gcid-6bb521d5-2649-4d07-a59b-3ce6a3808f81%22:%91%22background_color_gradient_stops%22%93,%22gcid-233cd77b-4711-403e-b130-11d9e5b5d115%22:%91%22background_color_gradient_stops%22%93}&#8221;][et_pb_row use_custom_gutter=&#8221;on&#8221; gutter_width=&#8221;2&#8243; _builder_version=&#8221;4.19.0&#8243; _module_preset=&#8221;default&#8221; global_colors_info=&#8221;{}&#8221;][et_pb_column type=&#8221;4_4&#8243; _builder_version=&#8221;4.19.0&#8243; _module_preset=&#8221;default&#8221; global_colors_info=&#8221;{}&#8221;][et_pb_blog posts_number=&#8221;9&#8243; show_author=&#8221;off&#8221; show_date=&#8221;off&#8221; show_categories=&#8221;off&#8221; _builder_version=&#8221;4.19.0&#8243; _module_preset=&#8221;792d43a0-9cba-4f84-a2d8-331579e5f1b2&#8243; locked=&#8221;off&#8221; global_colors_info=&#8221;{%22gcid-9d8d6552-a4b0-4171-847a-f5c0d7177503%22:%91%22body_text_color%22%93,%22gcid-233cd77b-4711-403e-b130-11d9e5b5d115%22:%91%22pagination_text_color%22%93}&#8221;][\/et_pb_blog][\/et_pb_column][\/et_pb_row][\/et_pb_section][et_pb_section fb_built=&#8221;1&#8243; admin_label=&#8221;Call to Action&#8221; _builder_version=&#8221;4.27.4&#8243; _module_preset=&#8221;default&#8221; background_color=&#8221;#000000&#8243; custom_padding=&#8221;0px||0px||true|false&#8221; global_module=&#8221;189&#8243; saved_tabs=&#8221;all&#8221; locked=&#8221;off&#8221; collapsed=&#8221;on&#8221; global_colors_info=&#8221;{}&#8221;][et_pb_row column_structure=&#8221;3_4,1_4&#8243; use_custom_gutter=&#8221;on&#8221; gutter_width=&#8221;1&#8243; make_equal=&#8221;on&#8221; _builder_version=&#8221;4.27.4&#8243; _module_preset=&#8221;default&#8221; max_width=&#8221;none&#8221; module_alignment=&#8221;left&#8221; custom_padding=&#8221;0px||0px||true|false&#8221; module_alignment_tablet=&#8221;center&#8221; module_alignment_phone=&#8221;center&#8221; module_alignment_last_edited=&#8221;on|tablet&#8221; global_colors_info=&#8221;{}&#8221;][et_pb_column type=&#8221;3_4&#8243; _builder_version=&#8221;4.27.4&#8243; _module_preset=&#8221;default&#8221; background_image=&#8221;https:\/\/www.paverprefabricados.com\/wp-content\/uploads\/2025\/03\/paverprefabricados-pide-presupuesto.jpg&#8221; global_colors_info=&#8221;{}&#8221;][et_pb_divider show_divider=&#8221;off&#8221; _builder_version=&#8221;4.19.0&#8243; _module_preset=&#8221;default&#8221; height_tablet=&#8221;40vw&#8221; height_phone=&#8221;40vw&#8221; height_last_edited=&#8221;on|tablet&#8221; global_colors_info=&#8221;{}&#8221;][\/et_pb_divider][\/et_pb_column][et_pb_column type=&#8221;1_4&#8243; _builder_version=&#8221;4.19.0&#8243; _module_preset=&#8221;default&#8221; background_color=&#8221;gcid-233cd77b-4711-403e-b130-11d9e5b5d115&#8243; custom_padding=&#8221;60px|30px|60px|30px|true|true&#8221; custom_padding_tablet=&#8221;60px|30px|60px|30px|true|true&#8221; custom_padding_phone=&#8221;20px|20px|20px|20px|true|true&#8221; custom_padding_last_edited=&#8221;on|phone&#8221; global_colors_info=&#8221;{%22gcid-233cd77b-4711-403e-b130-11d9e5b5d115%22:%91%22background_color%22%93}&#8221;][et_pb_text _builder_version=&#8221;4.27.4&#8243; _module_preset=&#8221;7f051173-acf6-4264-acc0-f40561b5bdd8&#8243; header_2_text_color=&#8221;#000000&#8243; header_2_font_size=&#8221;2.5vw&#8221; header_3_font=&#8221;Michroma||||||||&#8221; header_3_font_size=&#8221;1.9vw&#8221; custom_margin=&#8221;||10px||false|false&#8221; header_2_font_size_tablet=&#8221;2.5vw&#8221; header_2_font_size_phone=&#8221;2.5vw&#8221; header_2_font_size_last_edited=&#8221;off|desktop&#8221; header_3_font_size_tablet=&#8221;&#8221; header_3_font_size_phone=&#8221;3vw&#8221; header_3_font_size_last_edited=&#8221;on|phone&#8221; global_colors_info=&#8221;{}&#8221;]<\/p>\n<h3>Demana pressupost pel teu projecte<\/h3>\n<p>[\/et_pb_text][et_pb_button button_url=&#8221;https:\/\/www.paverprefabricados.com\/ca\/contacte\/&#8221; button_text=&#8221;Contacte&#8221; module_id=&#8221;contacto&#8221; _builder_version=&#8221;4.27.4&#8243; _module_preset=&#8221;fe1c53d4-ff94-4207-985d-70efd0826c7b&#8221; button_border_width=&#8221;2px&#8221; button_border_color=&#8221;#000000&#8243; global_colors_info=&#8221;{}&#8221; button_bg_color__hover_enabled=&#8221;on|hover&#8221; button_text_color__hover_enabled=&#8221;on|hover&#8221; button_text_color__hover=&#8221;#000000&#8243; button_border_width__hover_enabled=&#8221;on|hover&#8221; button_border_width__hover=&#8221;2px&#8221; button_border_color__hover_enabled=&#8221;on|desktop&#8221; button_border_color__hover=&#8221;#000000&#8243; button_bg_color__hover=&#8221;#bbe1f9&#8243; button_bg_enable_color__hover=&#8221;on&#8221;][\/et_pb_button][\/et_pb_column][\/et_pb_row][\/et_pb_section][et_pb_section fb_built=&#8221;1&#8243; _builder_version=&#8221;4.27.4&#8243; _module_preset=&#8221;default&#8221; background_color=&#8221;#000000&#8243; background_image=&#8221;https:\/\/www.paverprefabricados.com\/wp-content\/uploads\/2025\/05\/Paver_cuadrats-02.png&#8221; background_size=&#8221;stretch&#8221; width=&#8221;100%&#8221; width_last_edited=&#8221;on|tablet&#8221; max_width=&#8221;100%&#8221; max_width_last_edited=&#8221;on|tablet&#8221; module_alignment=&#8221;center&#8221; min_height=&#8221;10px&#8221; height=&#8221;10px&#8221; max_height=&#8221;10px&#8221; custom_margin=&#8221;0px|0px|0px|0px|false|false&#8221; custom_padding=&#8221;0px|0px|0px|0px|false|false&#8221; global_module=&#8221;327&#8243; saved_tabs=&#8221;all&#8221; locked=&#8221;off&#8221; global_colors_info=&#8221;{}&#8221; width_tablet=&#8221;100%&#8221; width_phone=&#8221;100%&#8221; max_width_tablet=&#8221;100%&#8221; max_width_phone=&#8221;100%&#8221;][\/et_pb_section]<\/p>\n","protected":false},"excerpt":{"rendered":"<p>BlogDemana pressupost pel teu projecte<\/p>\n","protected":false},"author":1,"featured_media":0,"parent":0,"menu_order":0,"comment_status":"closed","ping_status":"closed","template":"","meta":{"_et_pb_use_builder":"on","_et_pb_old_content":"","_et_gb_content_width":"","footnotes":""},"class_list":["post-1910","page","type-page","status-publish","hentry"],"yoast_head":"<!-- This site is optimized with the Yoast SEO plugin v26.7 - https:\/\/yoast.com\/wordpress\/plugins\/seo\/ -->\n<title>Blog sobre prefabricats de formig\u00f3 - PAVER PREFABRICADOS<\/title>\n<meta name=\"description\" content=\"Blog sobre prefabricats de formig\u00f3, articles, not\u00edcies i informaci\u00f3.\" \/>\n<meta name=\"robots\" content=\"index, follow, max-snippet:-1, max-image-preview:large, max-video-preview:-1\" \/>\n<link rel=\"canonical\" href=\"https:\/\/www.paverprefabricados.com\/ca\/blog\/\" \/>\n<meta property=\"og:locale\" content=\"ca_ES\" \/>\n<meta property=\"og:type\" content=\"article\" \/>\n<meta property=\"og:title\" content=\"Blog sobre prefabricats de formig\u00f3 - PAVER PREFABRICADOS\" \/>\n<meta property=\"og:description\" content=\"Blog sobre prefabricats de formig\u00f3, articles, not\u00edcies i informaci\u00f3.\" \/>\n<meta property=\"og:url\" content=\"https:\/\/www.paverprefabricados.com\/ca\/blog\/\" \/>\n<meta property=\"og:site_name\" content=\"PAVER PREFABRICADOS\" \/>\n<meta property=\"article:modified_time\" content=\"2025-06-25T14:13:06+00:00\" \/>\n<meta name=\"twitter:card\" content=\"summary_large_image\" \/>\n<meta name=\"twitter:label1\" content=\"Temps estimat de lectura\" \/>\n\t<meta name=\"twitter:data1\" content=\"5 minuts\" \/>\n<script type=\"application\/ld+json\" class=\"yoast-schema-graph\">{\"@context\":\"https:\/\/schema.org\",\"@graph\":[{\"@type\":\"WebPage\",\"@id\":\"https:\/\/www.paverprefabricados.com\/ca\/blog\/\",\"url\":\"https:\/\/www.paverprefabricados.com\/ca\/blog\/\",\"name\":\"Blog sobre prefabricats de formig\u00f3 - PAVER PREFABRICADOS\",\"isPartOf\":{\"@id\":\"https:\/\/www.paverprefabricados.com\/ca\/#website\"},\"datePublished\":\"2025-03-24T19:53:17+00:00\",\"dateModified\":\"2025-06-25T14:13:06+00:00\",\"description\":\"Blog sobre prefabricats de formig\u00f3, articles, not\u00edcies i informaci\u00f3.\",\"breadcrumb\":{\"@id\":\"https:\/\/www.paverprefabricados.com\/ca\/blog\/#breadcrumb\"},\"inLanguage\":\"ca\",\"potentialAction\":[{\"@type\":\"ReadAction\",\"target\":[\"https:\/\/www.paverprefabricados.com\/ca\/blog\/\"]}]},{\"@type\":\"BreadcrumbList\",\"@id\":\"https:\/\/www.paverprefabricados.com\/ca\/blog\/#breadcrumb\",\"itemListElement\":[{\"@type\":\"ListItem\",\"position\":1,\"name\":\"Portada\",\"item\":\"https:\/\/www.paverprefabricados.com\/ca\/\"},{\"@type\":\"ListItem\",\"position\":2,\"name\":\"Blog\"}]},{\"@type\":\"WebSite\",\"@id\":\"https:\/\/www.paverprefabricados.com\/ca\/#website\",\"url\":\"https:\/\/www.paverprefabricados.com\/ca\/\",\"name\":\"PAVER PREFABRICADOS\",\"description\":\"prefabricados de hormig\u00f3n\",\"publisher\":{\"@id\":\"https:\/\/www.paverprefabricados.com\/ca\/#organization\"},\"potentialAction\":[{\"@type\":\"SearchAction\",\"target\":{\"@type\":\"EntryPoint\",\"urlTemplate\":\"https:\/\/www.paverprefabricados.com\/ca\/?s={search_term_string}\"},\"query-input\":{\"@type\":\"PropertyValueSpecification\",\"valueRequired\":true,\"valueName\":\"search_term_string\"}}],\"inLanguage\":\"ca\"},{\"@type\":\"Organization\",\"@id\":\"https:\/\/www.paverprefabricados.com\/ca\/#organization\",\"name\":\"PAVER PREFABRICADOS\",\"url\":\"https:\/\/www.paverprefabricados.com\/ca\/\",\"logo\":{\"@type\":\"ImageObject\",\"inLanguage\":\"ca\",\"@id\":\"https:\/\/www.paverprefabricados.com\/ca\/#\/schema\/logo\/image\/\",\"url\":\"https:\/\/www.paverprefabricados.com\/wp-content\/uploads\/2025\/03\/Paver_logo-01.png\",\"contentUrl\":\"https:\/\/www.paverprefabricados.com\/wp-content\/uploads\/2025\/03\/Paver_logo-01.png\",\"width\":300,\"height\":64,\"caption\":\"PAVER PREFABRICADOS\"},\"image\":{\"@id\":\"https:\/\/www.paverprefabricados.com\/ca\/#\/schema\/logo\/image\/\"}}]}<\/script>\n<!-- \/ Yoast SEO plugin. -->","yoast_head_json":{"title":"Blog sobre prefabricats de formig\u00f3 - PAVER PREFABRICADOS","description":"Blog sobre prefabricats de formig\u00f3, articles, not\u00edcies i informaci\u00f3.","robots":{"index":"index","follow":"follow","max-snippet":"max-snippet:-1","max-image-preview":"max-image-preview:large","max-video-preview":"max-video-preview:-1"},"canonical":"https:\/\/www.paverprefabricados.com\/ca\/blog\/","og_locale":"ca_ES","og_type":"article","og_title":"Blog sobre prefabricats de formig\u00f3 - PAVER PREFABRICADOS","og_description":"Blog sobre prefabricats de formig\u00f3, articles, not\u00edcies i informaci\u00f3.","og_url":"https:\/\/www.paverprefabricados.com\/ca\/blog\/","og_site_name":"PAVER PREFABRICADOS","article_modified_time":"2025-06-25T14:13:06+00:00","twitter_card":"summary_large_image","twitter_misc":{"Temps estimat de lectura":"5 minuts"},"schema":{"@context":"https:\/\/schema.org","@graph":[{"@type":"WebPage","@id":"https:\/\/www.paverprefabricados.com\/ca\/blog\/","url":"https:\/\/www.paverprefabricados.com\/ca\/blog\/","name":"Blog sobre prefabricats de formig\u00f3 - PAVER PREFABRICADOS","isPartOf":{"@id":"https:\/\/www.paverprefabricados.com\/ca\/#website"},"datePublished":"2025-03-24T19:53:17+00:00","dateModified":"2025-06-25T14:13:06+00:00","description":"Blog sobre prefabricats de formig\u00f3, articles, not\u00edcies i informaci\u00f3.","breadcrumb":{"@id":"https:\/\/www.paverprefabricados.com\/ca\/blog\/#breadcrumb"},"inLanguage":"ca","potentialAction":[{"@type":"ReadAction","target":["https:\/\/www.paverprefabricados.com\/ca\/blog\/"]}]},{"@type":"BreadcrumbList","@id":"https:\/\/www.paverprefabricados.com\/ca\/blog\/#breadcrumb","itemListElement":[{"@type":"ListItem","position":1,"name":"Portada","item":"https:\/\/www.paverprefabricados.com\/ca\/"},{"@type":"ListItem","position":2,"name":"Blog"}]},{"@type":"WebSite","@id":"https:\/\/www.paverprefabricados.com\/ca\/#website","url":"https:\/\/www.paverprefabricados.com\/ca\/","name":"PAVER PREFABRICADOS","description":"prefabricados de hormig\u00f3n","publisher":{"@id":"https:\/\/www.paverprefabricados.com\/ca\/#organization"},"potentialAction":[{"@type":"SearchAction","target":{"@type":"EntryPoint","urlTemplate":"https:\/\/www.paverprefabricados.com\/ca\/?s={search_term_string}"},"query-input":{"@type":"PropertyValueSpecification","valueRequired":true,"valueName":"search_term_string"}}],"inLanguage":"ca"},{"@type":"Organization","@id":"https:\/\/www.paverprefabricados.com\/ca\/#organization","name":"PAVER PREFABRICADOS","url":"https:\/\/www.paverprefabricados.com\/ca\/","logo":{"@type":"ImageObject","inLanguage":"ca","@id":"https:\/\/www.paverprefabricados.com\/ca\/#\/schema\/logo\/image\/","url":"https:\/\/www.paverprefabricados.com\/wp-content\/uploads\/2025\/03\/Paver_logo-01.png","contentUrl":"https:\/\/www.paverprefabricados.com\/wp-content\/uploads\/2025\/03\/Paver_logo-01.png","width":300,"height":64,"caption":"PAVER PREFABRICADOS"},"image":{"@id":"https:\/\/www.paverprefabricados.com\/ca\/#\/schema\/logo\/image\/"}}]}},"_links":{"self":[{"href":"https:\/\/www.paverprefabricados.com\/ca\/wp-json\/wp\/v2\/pages\/1910","targetHints":{"allow":["GET"]}}],"collection":[{"href":"https:\/\/www.paverprefabricados.com\/ca\/wp-json\/wp\/v2\/pages"}],"about":[{"href":"https:\/\/www.paverprefabricados.com\/ca\/wp-json\/wp\/v2\/types\/page"}],"author":[{"embeddable":true,"href":"https:\/\/www.paverprefabricados.com\/ca\/wp-json\/wp\/v2\/users\/1"}],"replies":[{"embeddable":true,"href":"https:\/\/www.paverprefabricados.com\/ca\/wp-json\/wp\/v2\/comments?post=1910"}],"version-history":[{"count":2,"href":"https:\/\/www.paverprefabricados.com\/ca\/wp-json\/wp\/v2\/pages\/1910\/revisions"}],"predecessor-version":[{"id":1986,"href":"https:\/\/www.paverprefabricados.com\/ca\/wp-json\/wp\/v2\/pages\/1910\/revisions\/1986"}],"wp:attachment":[{"href":"https:\/\/www.paverprefabricados.com\/ca\/wp-json\/wp\/v2\/media?parent=1910"}],"curies":[{"name":"wp","href":"https:\/\/api.w.org\/{rel}","templated":true}]}}